{"id":18,"date":"2019-05-10T23:34:34","date_gmt":"2019-05-10T23:34:34","guid":{"rendered":"https:\/\/gpsites.co\/arctic\/?page_id=15"},"modified":"2021-06-25T16:52:53","modified_gmt":"2021-06-25T16:52:53","slug":"contact","status":"publish","type":"page","link":"https:\/\/diceglory.com\/fr\/contact\/","title":{"rendered":"Contact"},"content":{"rendered":"<h3>Plaintes et commentaires<\/h3>\n<p>Pour toute demande de renseignements ou de commentaires concernant les critiques trouv\u00e9es sur notre site web, vous pouvez nous contacter. Nous sommes heureux de recevoir tout type de commentaires, et vous vous assurez que nous les utilisons pour am\u00e9liorer notre activit\u00e9 et notre site web. Si vous souhaitez soumettre vos demandes concernant les sujets que vous souhaitez lire, vous pouvez le faire dans la section des commentaires ou par courriel \u00e0 l'adresse suivante <a href=\"mailto:diceglorycom@gmail.com\" target=\"_blank\" rel=\"noopener noreferrer\">diceglorycom@gmail.com<\/a>Nous lisons tous les commentaires et r\u00e9pondons \u00e0 tous les courriels. Merci !<\/p>\n<h3>Partenariat<\/h3>\n<p>Les propositions d'articles sur les jeux de soci\u00e9t\u00e9 sont les bienvenues. Si vous souhaitez proposer un article de blog, pensez-y :<\/p>\n<ul>\n<li>En quoi votre id\u00e9e est-elle pertinente pour les jeux de soci\u00e9t\u00e9 ?<\/li>\n<li>Pourquoi le public cible s'y int\u00e9resserait-il ?<\/li>\n<li>L'id\u00e9e est-elle utile pour le public cible ?<\/li>\n<li>Comment le billet aide-t-il le public cible \u00e0 r\u00e9soudre un probl\u00e8me ?<\/li>\n<li>Vous recevrez une signature, une biographie d'auteur et des liens vers vos m\u00e9dias sociaux ou votre site web.<\/li>\n<\/ul>\n<h3>\u00c9crire pour nous<\/h3>\n<p>Oui,\u00a0<em>vous<\/em>Nous sommes toujours \u00e0 la recherche de nouveaux auteurs. Si vous avez une id\u00e9e qui stimulera nos lecteurs et fera progresser les jeux de soci\u00e9t\u00e9, nous voulons en entendre parler. Mais vous n'avez pas besoin d'attendre une id\u00e9e qui sera <em>red\u00e9finir l'ensemble du secteur<\/em>L'objectif est d'apporter aux lecteurs une nouvelle perspective sur un sujet qui vous emp\u00eache de dormir.<\/p>\n<h3>Prendre contact<\/h3>\n<ul>\n<li>Heures de travail : lun - ven, 8h00 - 16h00<\/li>\n<li>1325 Palmetto St, Los Angeles, CA 90013, \u00c9tats-Unis<\/li>\n<li>Envoyez-nous un courriel \u00e0 <a href=\"mailto:diceglorycom@gmail.com\" target=\"_blank\" rel=\"nofollow noopener noreferrer\">diceglorycom@gmail.com<\/a><\/li>\n<li>Suivez-nous sur <a href=\"https:\/\/www.instagram.com\/diceglorymike\/\" target=\"_blank\" rel=\"nofollow noopener noreferrer\">Instagram<\/a> ou <a href=\"https:\/\/www.facebook.com\/Dice-Glory-100128735532898\" target=\"_blank\" rel=\"nofollow noopener noreferrer\">Facebook<\/a><\/li>\n<li>Tweetez-nous\u00a0<a href=\"https:\/\/twitter.com\/DiceGloryCom\" target=\"_blank\" rel=\"nofollow noopener noreferrer\">@DiceGloryCom<\/a><\/li>\n<li>Ou utilisez le formulaire ci-dessous<\/li>\n<\/ul>","protected":false},"excerpt":{"rendered":"<p>Complaints and Feedback For any inquiries or feedback regarding the reviews found on our website, you can contact us. We are glad to receive any kind of feedback, and you make sure that we use it to improve our activity and our website. In case you want to submit your requests for topics that you &#8230; <\/p>\n<p class=\"read-more-container\"><a title=\"Contact\" class=\"read-more button\" href=\"https:\/\/diceglory.com\/fr\/contact\/#more-18\" aria-label=\"Plus sur Contact\">Lire plus<\/a><\/p>","protected":false},"author":2,"featured_media":0,"parent":0,"menu_order":0,"comment_status":"closed","ping_status":"closed","template":"","meta":{"footnotes":""},"class_list":{"0":"post-18","1":"page","2":"type-page","3":"status-publish","5":"no-featured-image-padding"},"_links":{"self":[{"href":"https:\/\/diceglory.com\/fr\/wp-json\/wp\/v2\/pages\/18","targetHints":{"allow":["GET"]}}],"collection":[{"href":"https:\/\/diceglory.com\/fr\/wp-json\/wp\/v2\/pages"}],"about":[{"href":"https:\/\/diceglory.com\/fr\/wp-json\/wp\/v2\/types\/page"}],"author":[{"embeddable":true,"href":"https:\/\/diceglory.com\/fr\/wp-json\/wp\/v2\/users\/2"}],"replies":[{"embeddable":true,"href":"https:\/\/diceglory.com\/fr\/wp-json\/wp\/v2\/comments?post=18"}],"version-history":[{"count":0,"href":"https:\/\/diceglory.com\/fr\/wp-json\/wp\/v2\/pages\/18\/revisions"}],"wp:attachment":[{"href":"https:\/\/diceglory.com\/fr\/wp-json\/wp\/v2\/media?parent=18"}],"curies":[{"name":"wp","href":"https:\/\/api.w.org\/{rel}","templated":true}]}}