{"id":16,"date":"2019-05-10T23:28:54","date_gmt":"2019-05-10T23:28:54","guid":{"rendered":"https:\/\/gpsites.co\/arctic\/?page_id=11"},"modified":"2021-03-31T08:31:29","modified_gmt":"2021-03-31T08:31:29","slug":"about","status":"publish","type":"page","link":"https:\/\/diceglory.com\/pt\/about\/","title":{"rendered":"Sobre"},"content":{"rendered":"<h2>A nossa miss\u00e3o<\/h2>\n<p>Os jogos de tabuleiro explodiram em popularidade nos \u00faltimos anos, e s\u00e3o mais populares do que muitas pessoas pensam (sabia que os jogos de tabuleiro ultrapassam os jogos de v\u00eddeo nos EUA?)<\/p>\n<p>Essa popularidade criou uma nova gera\u00e7\u00e3o de entusiastas de jogos de tabuleiro, e DiceGlory est\u00e1 aqui para ajudar. A nossa miss\u00e3o \u00e9 ser a melhor fonte de informa\u00e7\u00e3o independente sobre jogos de tabuleiro, para que qualquer jogador de jogos de tabuleiro - n\u00e3o importa o qu\u00e3o novo seja o hobby - possa sentir-se parte de uma comunidade em crescimento.<\/p>\n<h2>Sobre Mike Parsley<\/h2>\n<p><img loading=\"lazy\" decoding=\"async\" class=\"size-medium wp-image-474 alignright\" src=\"https:\/\/diceglory.com\/wp-content\/uploads\/2021\/03\/avatar-300x300.png\" alt=\"\" width=\"300\" height=\"300\" srcset=\"https:\/\/diceglory.com\/wp-content\/uploads\/2021\/03\/avatar-300x300.png 300w, https:\/\/diceglory.com\/wp-content\/uploads\/2021\/03\/avatar-150x150.png 150w, https:\/\/diceglory.com\/wp-content\/uploads\/2021\/03\/avatar.png 512w\" sizes=\"auto, (max-width: 300px) 100vw, 300px\" \/><\/p>\n<p>Sou Mike Parsley, um aspirante a designer de jogos, e revisor de jogos de tabuleiro. Adoro jogar jogos de tabuleiro, e adoro falar sobre eles. \u00c9 aqui que vou partilhar as minhas opini\u00f5es sobre jogos que adoro, jogos que odeio, ou ocasionalmente at\u00e9 mesmo jogos que n\u00e3o compreendo.<\/p>\n<p>Fui um f\u00e3 dos jogos de tabuleiro durante pouco mais de um ano, mas fui jogador toda a minha vida. De facto, s\u00f3 descobri a alegria dos jogos de tabuleiro quando estava na faculdade. Era uma crian\u00e7a bastante isolada, e as minhas capacidades sociais n\u00e3o se desenvolviam muito. Tinha alguns amigos da escola e mais alguns atrav\u00e9s do grupo de jovens da igreja, mas sentia-me bastante s\u00f3. Na minha juventude, estava metido em todas aquelas coisas t\u00edpicas em que os rapazes adolescentes se metem, mas realmente n\u00e3o fazia ideia de quem eu era. A minha m\u00e3e continuava a tentar meter-me no neg\u00f3cio da fam\u00edlia, e eu realmente n\u00e3o tinha interesse nisso. Os jogos de tabuleiro tornam-se a minha forma de descarregar as minhas frustra\u00e7\u00f5es sobre o trabalho que a minha m\u00e3e tentava que eu fizesse. Os jogos de tabuleiro continuam a ser um lugar onde eu podia ser eu pr\u00f3prio e apenas fazer coisas que gostava de fazer.<\/p>\n<p>Existem numerosos websites e blogs dedicados ao tema, mas creio que h\u00e1 necessidade de uma comunidade profissional que possa fornecer tanto entretenimento como conte\u00fado para os entusiastas dos jogos que n\u00e3o t\u00eam a certeza de como come\u00e7ar, bem como para o veterano endurecido que quer partilhar alguma da sua experi\u00eancia duramente conquistada.<\/p>","protected":false},"excerpt":{"rendered":"<p>Our Mission Board games have exploded in popularity in the last few years, and they\u2019re more popular than many people think (did you know that board games outsell video games in the US?) That popularity has created a new generation of board game enthusiasts, and DiceGlory is here to help. Our mission is to be &#8230; <\/p>\n<p class=\"read-more-container\"><a title=\"Sobre\" class=\"read-more button\" href=\"https:\/\/diceglory.com\/pt\/about\/#more-16\" aria-label=\"Mais em About\">Ler mais<\/a><\/p>","protected":false},"author":2,"featured_media":38,"parent":0,"menu_order":0,"comment_status":"closed","ping_status":"closed","template":"","meta":{"footnotes":""},"class_list":{"0":"post-16","1":"page","2":"type-page","3":"status-publish","4":"has-post-thumbnail","6":"no-featured-image-padding"},"_links":{"self":[{"href":"https:\/\/diceglory.com\/pt\/wp-json\/wp\/v2\/pages\/16","targetHints":{"allow":["GET"]}}],"collection":[{"href":"https:\/\/diceglory.com\/pt\/wp-json\/wp\/v2\/pages"}],"about":[{"href":"https:\/\/diceglory.com\/pt\/wp-json\/wp\/v2\/types\/page"}],"author":[{"embeddable":true,"href":"https:\/\/diceglory.com\/pt\/wp-json\/wp\/v2\/users\/2"}],"replies":[{"embeddable":true,"href":"https:\/\/diceglory.com\/pt\/wp-json\/wp\/v2\/comments?post=16"}],"version-history":[{"count":0,"href":"https:\/\/diceglory.com\/pt\/wp-json\/wp\/v2\/pages\/16\/revisions"}],"wp:featuredmedia":[{"embeddable":true,"href":"https:\/\/diceglory.com\/pt\/wp-json\/wp\/v2\/media\/38"}],"wp:attachment":[{"href":"https:\/\/diceglory.com\/pt\/wp-json\/wp\/v2\/media?parent=16"}],"curies":[{"name":"wp","href":"https:\/\/api.w.org\/{rel}","templated":true}]}}