{"id":18,"date":"2019-05-10T23:34:34","date_gmt":"2019-05-10T23:34:34","guid":{"rendered":"https:\/\/gpsites.co\/arctic\/?page_id=15"},"modified":"2021-06-25T16:52:53","modified_gmt":"2021-06-25T16:52:53","slug":"contact","status":"publish","type":"page","link":"https:\/\/diceglory.com\/pt\/contact\/","title":{"rendered":"Contacto"},"content":{"rendered":"<h3>Reclama\u00e7\u00f5es e Feedback<\/h3>\n<p>Para qualquer pergunta ou feedback sobre as revis\u00f5es encontradas no nosso website, pode contactar-nos. Temos todo o prazer em receber qualquer tipo de feedback, e certificamo-nos de que o utilizamos para melhorar a nossa actividade e o nosso website. No caso de pretender submeter os seus pedidos sobre t\u00f3picos que queira ler, pode faz\u00ea-lo na sec\u00e7\u00e3o de coment\u00e1rios ou enviar um e-mail para <a href=\"mailto:diceglorycom@gmail.com\" target=\"_blank\" rel=\"noopener noreferrer\">diceglorycom@gmail.com<\/a>Estamos a ler todos os coment\u00e1rios e respondemos a todos os e-mails. Obrigado!<\/p>\n<h3>Parceria<\/h3>\n<p>Se desejar fazer um post no blogue, considere a possibilidade de fazer um post no blogue:<\/p>\n<ul>\n<li>Como \u00e9 que a sua ideia \u00e9 relevante para os jogos de tabuleiro?<\/li>\n<li>Porque se importaria o p\u00fablico alvo?<\/li>\n<li>A ideia \u00e9 \u00fatil para o p\u00fablico-alvo?<\/li>\n<li>Como \u00e9 que o posto ajuda o p\u00fablico-alvo a resolver um problema?<\/li>\n<li>Receber\u00e1 uma byline, biografia do autor, e liga\u00e7\u00f5es de volta para as suas redes sociais ou website.<\/li>\n<\/ul>\n<h3>Escreva para n\u00f3s<\/h3>\n<p>Sim,\u00a0<em>voc\u00ea<\/em>Estamos sempre \u00e0 procura de novos autores. Se tiver uma ideia que desafie os nossos leitores e fa\u00e7a avan\u00e7ar os jogos de tabuleiro, queremos ouvi-la. Mas n\u00e3o precisa de esperar por uma ideia que <em>redefinir toda a ind\u00fastria<\/em>O objectivo \u00e9 apenas trazer aos leitores uma nova perspectiva sobre um t\u00f3pico que o mant\u00e9m acordado \u00e0 noite.<\/p>\n<h3>Entrar em contacto<\/h3>\n<ul>\n<li>Hor\u00e1rio de trabalho: Seg - Sex, 8:00 - 16:00 h<\/li>\n<li>1325 Palmetto St, Los Angeles, CA 90013, Estados Unidos<\/li>\n<li>Envie-nos um e-mail para <a href=\"mailto:diceglorycom@gmail.com\" target=\"_blank\" rel=\"nofollow noopener noreferrer\">diceglorycom@gmail.com<\/a><\/li>\n<li>Siga-nos em <a href=\"https:\/\/www.instagram.com\/diceglorymike\/\" target=\"_blank\" rel=\"nofollow noopener noreferrer\">Instagram<\/a> ou <a href=\"https:\/\/www.facebook.com\/Dice-Glory-100128735532898\" target=\"_blank\" rel=\"nofollow noopener noreferrer\">Facebook<\/a><\/li>\n<li>Tweet us\u00a0<a href=\"https:\/\/twitter.com\/DiceGloryCom\" target=\"_blank\" rel=\"nofollow noopener noreferrer\">@DiceGloryCom<\/a><\/li>\n<li>Ou utilize o formul\u00e1rio abaixo<\/li>\n<\/ul>","protected":false},"excerpt":{"rendered":"<p>Complaints and Feedback For any inquiries or feedback regarding the reviews found on our website, you can contact us. We are glad to receive any kind of feedback, and you make sure that we use it to improve our activity and our website. In case you want to submit your requests for topics that you &#8230; <\/p>\n<p class=\"read-more-container\"><a title=\"Contacto\" class=\"read-more button\" href=\"https:\/\/diceglory.com\/pt\/contact\/#more-18\" aria-label=\"Mais em Contact\">Ler mais<\/a><\/p>","protected":false},"author":2,"featured_media":0,"parent":0,"menu_order":0,"comment_status":"closed","ping_status":"closed","template":"","meta":{"footnotes":""},"class_list":{"0":"post-18","1":"page","2":"type-page","3":"status-publish","5":"no-featured-image-padding"},"_links":{"self":[{"href":"https:\/\/diceglory.com\/pt\/wp-json\/wp\/v2\/pages\/18","targetHints":{"allow":["GET"]}}],"collection":[{"href":"https:\/\/diceglory.com\/pt\/wp-json\/wp\/v2\/pages"}],"about":[{"href":"https:\/\/diceglory.com\/pt\/wp-json\/wp\/v2\/types\/page"}],"author":[{"embeddable":true,"href":"https:\/\/diceglory.com\/pt\/wp-json\/wp\/v2\/users\/2"}],"replies":[{"embeddable":true,"href":"https:\/\/diceglory.com\/pt\/wp-json\/wp\/v2\/comments?post=18"}],"version-history":[{"count":0,"href":"https:\/\/diceglory.com\/pt\/wp-json\/wp\/v2\/pages\/18\/revisions"}],"wp:attachment":[{"href":"https:\/\/diceglory.com\/pt\/wp-json\/wp\/v2\/media?parent=18"}],"curies":[{"name":"wp","href":"https:\/\/api.w.org\/{rel}","templated":true}]}}